{"id":2496,"date":"2022-08-17T10:39:08","date_gmt":"2022-08-17T08:39:08","guid":{"rendered":"https:\/\/www.laidaldaz.com\/prensa\/"},"modified":"2022-09-16T09:15:25","modified_gmt":"2022-09-16T07:15:25","slug":"prentsa","status":"publish","type":"page","link":"https:\/\/www.laidaldaz.com\/eu\/prentsa\/","title":{"rendered":"Prentsa"},"content":{"rendered":"<p>[et_pb_section fb_built=&#8221;1&#8243; _builder_version=&#8221;4.18.0&#8243; background_image=&#8221;https:\/\/www.laidaldaz.com\/wp-content\/uploads\/2022\/04\/LAIDA_films1.jpg&#8221; background_position=&#8221;bottom_center&#8221; custom_margin=&#8221;0px||||false|false&#8221; custom_padding=&#8221;0px||||false|false&#8221; global_colors_info=&#8221;{}&#8221;][et_pb_row _builder_version=&#8221;4.17.3&#8243; _module_preset=&#8221;default&#8221; custom_padding=&#8221;100px||||false|false&#8221; global_colors_info=&#8221;{}&#8221;][et_pb_column type=&#8221;4_4&#8243; _builder_version=&#8221;4.17.3&#8243; _module_preset=&#8221;default&#8221; global_colors_info=&#8221;{}&#8221;][lwp_divi_breadcrumbs home_text=&#8221;Hasiera&#8221; font_icon=&#8221;&#x39;||divi||400&#8243; use_before_icon=&#8221;off&#8221; link_color=&#8221;#000000&#8243; separator_color=&#8221;#000000&#8243; current_text_color=&#8221;#E02B20&#8243; _builder_version=&#8221;4.18.0&#8243; _module_preset=&#8221;default&#8221; custom_padding=&#8221;|||33px|false|false&#8221; global_colors_info=&#8221;{}&#8221;][\/lwp_divi_breadcrumbs][\/et_pb_column][\/et_pb_row][et_pb_row _builder_version=&#8221;4.18.0&#8243; _module_preset=&#8221;default&#8221; global_colors_info=&#8221;{}&#8221;][et_pb_column type=&#8221;4_4&#8243; _builder_version=&#8221;4.18.0&#8243; _module_preset=&#8221;default&#8221; global_colors_info=&#8221;{}&#8221;][et_pb_accordion open_toggle_background_color=&#8221;#f4f4f4&#8243; closed_toggle_background_color=&#8221;#f4f4f4&#8243; icon_color=&#8221;#4b4b4b&#8221; admin_label=&#8221;Acorde\u00f3n&#8221; _builder_version=&#8221;4.18.0&#8243; _module_preset=&#8221;default&#8221; toggle_font=&#8221;|700||on|||||&#8221; closed_toggle_font=&#8221;|700||on|||||&#8221; background_color=&#8221;RGBA(255,255,255,0)&#8221; hover_enabled=&#8221;0&#8243; custom_css_main_element=&#8221;background-color:transparent!important;&#8221; global_colors_info=&#8221;{}&#8221; sticky_enabled=&#8221;0&#8243;][et_pb_accordion_item title=&#8221;TELEBISTA&#8221; open=&#8221;on&#8221; open_toggle_text_color=&#8221;#4c4c4c&#8221; closed_toggle_text_color=&#8221;#4c4c4c&#8221; _builder_version=&#8221;4.18.0&#8243; _module_preset=&#8221;default&#8221; hover_enabled=&#8221;0&#8243; global_colors_info=&#8221;{}&#8221; sticky_enabled=&#8221;0&#8243;]<a style=\"color:#373736;\" href=\"https:\/\/www.navarratelevision.es\/AlaCarta\/video\/fl\/1292735\/'Kirolak'%20con%20Laida%20Aldaz,%20bailarina%20y%20core%C3%B3grafa\" target=\"_blank\" rel=\"noopener\"><span style=\"text-decoration: underline;\">El Camerino<\/a><\/span><\/p>\n<p><a style=\"color:#373736;\" href=\"https:\/\/www.rtve.es\/play\/videos\/telenavarra\/segunda-edicion-19-10-2021\/6144735\/\" target=\"_blank\" rel=\"noopener\"><span style=\"text-decoration: underline;\">Telenavarra<\/a><\/span><\/p>\n<p><a style=\"color:#373736;\" href=\"https:\/\/www.eitb.eus\/es\/nahieran\/cultura\/eitb-kultura-castellano\/el-nuevo-disco-de-ainara-legardon\/detalle\/5919\/137062\/\" target=\"_blank\" rel=\"noopener\"><span style=\"text-decoration: underline;\">Eitb Kultura<\/a><\/span><\/p>\n<p><a style=\"color: #373736;\" href=\"https:\/\/www.rtve.es\/play\/videos\/la-2-noticias\/2-noticias-15-11-18\/4842058\/\" target=\"_blank\" rel=\"noopener\"><span style=\"text-decoration: underline;\">La 2 Noticias<\/span><\/a>[\/et_pb_accordion_item][et_pb_accordion_item title=&#8221;IRRATIA&#8221; _builder_version=&#8221;4.18.0&#8243; _module_preset=&#8221;default&#8221; global_colors_info=&#8221;{}&#8221; open=&#8221;off&#8221;]<\/p>\n<p><a style=\"color: #373736;\" href=\"https:\/\/www.eitb.eus\/es\/nahieran\/radio\/radio-euskadi\/iflandia\/detalle\/7584580\/\" target=\"_blank\" rel=\"noopener\"><span style=\"text-decoration: underline;\">Iflandia<\/span><\/a><\/p>\n<p><a style=\"color: #373736;\" href=\"https:\/\/www.eitb.eus\/es\/radio\/radio-euskadi\/programas\/graffiti\/audios\/detalle\/6408925\/graffiti-20182019-15052019\/\" target=\"_blank\" rel=\"noopener\"><span style=\"text-decoration: underline;\">Graffiti<\/a><\/span><\/p>\n<p><a style=\"color: #373736;\" href=\"https:\/\/www.eitb.eus\/eu\/irratia\/euskadi-irratia\/programak\/baipasa\/osoa\/8107233\/the-room-film-laburra-zokoako-badia-malen-agirre-eta-bois-et-fer\/\" target=\"_blank\" rel=\"noopener\"><span style=\"text-decoration: underline;\">Gela bat norberarena<\/a><\/span><\/p>\n<p><a style=\"color: #373736;\" href=\"https:\/\/www.rtve.es\/play\/audios\/dramedias-en-radio-3\/dramedias-zinetika-2019-clara-sanchis-xl-festival-misticas-sergi-torrecilla-20-10-19\/5416621\/\" target=\"_blank\" rel=\"noopener\"><span style=\"text-decoration: underline;\">Radio 3<\/a><\/span><\/p>\n<p><a style=\"color: #373736;\" href=\"https:\/\/www.rtve.es\/play\/audios\/el-septimo-vicio\/septimo-vicio-andres-duque-desvela-su-ultima-obra-03-04-19\/5116825\/?pais=ES\" target=\"_blank\" rel=\"noopener\"><span style=\"text-decoration: underline;\">El s\u00e9ptimo vicio<\/a><\/span><\/p>\n<p>[\/et_pb_accordion_item][et_pb_accordion_item title=&#8221;PRENTSA IDATZIA&#8221; _builder_version=&#8221;4.18.0&#8243; _module_preset=&#8221;default&#8221; global_colors_info=&#8221;{}&#8221; open=&#8221;off&#8221;]<a style=\"color: #373736;\" href=\"https:\/\/www.deia.eus\/cultura\/2021\/10\/28\/curiosidad-quiero-provocar-publico-mueve-1907863.html\" target=\"_blank\" rel=\"noopener\"><span style=\"text-decoration: underline;\">&#8220;La curiosidad que quiero provocar en el p\u00fablico es la que me mueve a m\u00ed&#8221;<\/span><\/a><\/p>\n<p><a style=\"color:#373736;\" href=\"https:\/\/www.noticiasdenavarra.com\/cultura\/2022\/03\/26\/antartika-kultur-container-presenta-resultados\/1243258.html\" target=\"_blank\" rel=\"noopener\"><span style=\"text-decoration: underline;\">Antartika Kultur Container presenta los resultados de sus procesos creativos<\/a><\/span><\/p>\n<p><a style=\"color:#373736;\" href=\"https:\/\/www.pamplonaactual.com\/articulo\/huarte\/navarra-seleccionados-9-proyectos-programa-ayudas-artes-plasticas-visuales-2022-centro-huarte\/20220530185728303091.html\" target=\"_blank\" rel=\"noopener\"><span style=\"text-decoration: underline;\">Seleccionados 9 proyectos para el Programa de ayudas a las artes pl\u00e1sticas y visuales 2022 del Centro Huarte<\/span><\/a><\/p>\n<p><a style=\"color:#373736;\" href=\"https:\/\/www.diariodenavarra.es\/noticias\/cultura-ocio\/2021\/08\/11\/antartika-impulsara-dos-proyectos-artisticos-marta-elia-laida-aldaz-497010-3188.html\" target=\"_blank\" rel=\"noopener\"><span style=\"text-decoration: underline;\">Antartika impulsar\u00e1 dos proyectos art\u00edsticos de Marta El\u00eda y Laida Aldaz<\/span><\/a><\/p>\n<p><a style=\"color:#373736;\" href=\"https:\/\/www.diariodenavarra.es\/noticias\/cultura-ocio\/cultura\/2022\/03\/23\/arte-generar-encuentros-improbables-521645-1034.html\" target=\"_blank\" rel=\"noopener\"><span style=\"text-decoration: underline;\">Arte para crear \u2018Encuentros improbables\u2019<\/span><\/a><\/p>\n<p><a style=\"color:#373736;\" href=\"https:\/\/www.centrohuarte.es\/seleccionados-9-proyectos-para-el-programa-de-ayudas-a-las-artes-plasticas-y-visuales-2022\/\" target=\"_blank\" rel=\"noopener\"><span style=\"text-decoration: underline;\">Seleccionados 9 proyectos para el programa de ayudas a las artes pl\u00e1sticas y visuales 2022<\/span><\/a><\/p>\n<p><a style=\"color:#373736;\" href=\"https:\/\/www.noticiasdenavarra.com\/cultura\/2022\/06\/01\/seleccionados-9-proyectos-programa-ayudas\/1267106.html\" target=\"_blank\" rel=\"noopener\"><span style=\"text-decoration: underline;\">9 proyectos para el programa de ayudas a las artes pl\u00e1sticas y visuales<\/span><\/a><\/p>\n<p><a style=\"color:#373736;\" target=\"_blank\" rel=\"noopener\" href=\"https:\/\/www.laidaldaz.com\/wp-content\/uploads\/2022\/08\/767_GUAIXE.pdf\"><span style=\"text-decoration: underline;\">Dantzariaren natura<\/a><\/span><\/p>\n<p><a style=\"color:#373736;\" target=\"_blank\" rel=\"noopener\" href=\"https:\/\/www.laidaldaz.com\/wp-content\/uploads\/2022\/08\/Nafarroako-Hitza.pdf\"><span style=\"text-decoration: underline;\">\u201cNire bizitza hemen dago, baina ez naiz hemengoa sentitzen\u201d<\/a><\/span>[\/et_pb_accordion_item][\/et_pb_accordion][\/et_pb_column][\/et_pb_row][\/et_pb_section][et_pb_section fb_built=&#8221;1&#8243; _builder_version=&#8221;4.17.1&#8243; _module_preset=&#8221;default&#8221; background_image=&#8221;https:\/\/www.laidaldaz.com\/wp-content\/uploads\/2022\/04\/fondo_pie.png&#8221; min_height=&#8221;300px&#8221; saved_tabs=&#8221;all&#8221; global_colors_info=&#8221;{}&#8221;][et_pb_row _builder_version=&#8221;4.17.1&#8243; _module_preset=&#8221;default&#8221; global_colors_info=&#8221;{}&#8221;][et_pb_column type=&#8221;4_4&#8243; _builder_version=&#8221;4.17.1&#8243; _module_preset=&#8221;default&#8221; global_colors_info=&#8221;{}&#8221;][et_pb_image src=&#8221;https:\/\/www.laidaldaz.com\/wp-content\/uploads\/2022\/04\/logo_laida.png&#8221; title_text=&#8221;logo_laida&#8221; align=&#8221;center&#8221; _builder_version=&#8221;4.17.4&#8243; _module_preset=&#8221;default&#8221; width=&#8221;30%&#8221; width_tablet=&#8221;30%&#8221; width_phone=&#8221;50%&#8221; width_last_edited=&#8221;on|phone&#8221; max_width=&#8221;30%&#8221; max_width_tablet=&#8221;30%&#8221; max_width_phone=&#8221;50%&#8221; max_width_last_edited=&#8221;on|desktop&#8221; module_alignment=&#8221;center&#8221; custom_margin=&#8221;||||false|false&#8221; custom_padding=&#8221;||50px||false|false&#8221; global_colors_info=&#8221;{}&#8221;][\/et_pb_image][et_pb_text disabled_on=&#8221;on|off|off&#8221; _builder_version=&#8221;4.17.4&#8243; _module_preset=&#8221;default&#8221; text_orientation=&#8221;center&#8221; global_colors_info=&#8221;{}&#8221;]<\/p>\n<p><a href=\"https:\/\/www.facebook.com\/laidaaa\" target=\"_blank\" rel=\"noopener\"><i class=\"fa fa-facebook-f\" style=\"font-size: 28px; color: #3f3f3f; padding: 0 30px 0 50px;\"><\/i><\/a> | \u00a0\u00a0\u00a0\u00a0\u00a0\u00a0\u00a0\u00a0\u00a0\u00a0\u00a0\u00a0<i class=\"fa-solid fa-envelope\" style=\"color: #3f3f3f;\"><\/i> \u00a0\u00a0\u00a0\u00a0\u00a0\u00a0<a style=\"color: #3c3c3c;\" href=\"mailto:info@laidaldaz.com\">info@laidaldaz.com<\/a>\u00a0\u00a0\u00a0\u00a0\u00a0\u00a0\u00a0\u00a0\u00a0\u00a0 | <a href=\"https:\/\/www.instagram.com\/laidaldaz\/\" target=\"_blank\" rel=\"noopener\"><i class=\"fa fa-instagram\" style=\"font-size: 28px; color: #3f3f3f; padding: 0 50px 0 30px;\"><\/i><\/a><\/p>\n<p>[\/et_pb_text][et_pb_text disabled_on=&#8221;off|on|on&#8221; _builder_version=&#8221;4.17.4&#8243; _module_preset=&#8221;default&#8221; text_orientation=&#8221;center&#8221; global_colors_info=&#8221;{}&#8221;]<\/p>\n<p><a href=\"https:\/\/www.facebook.com\/laidaaa\" target=\"_blank\" rel=\"noopener\"><i class=\"fa fa-facebook-f\" style=\"font-size: 18px; color: #3f3f3f; \"><\/i><\/a>&nbsp;&nbsp;&nbsp;&nbsp;|&nbsp;&nbsp;&nbsp;&nbsp;<i class=\"fa-solid fa-envelope\" style=\"color: #3f3f3f;\"><\/i>       <a style=\"color: #3c3c3c;\" href=\"mailto:info@laidaldaz.com\">info@laidaldaz.com<\/a>&nbsp;&nbsp;&nbsp;&nbsp;|&nbsp;&nbsp;&nbsp;&nbsp;<a href=\"https:\/\/www.instagram.com\/laidaldaz\/\" target=\"_blank\" rel=\"noopener\"><i class=\"fa fa-instagram\" style=\"font-size: 18px; color: #3f3f3f; \"><\/i><\/a><\/p>\n<p>[\/et_pb_text][\/et_pb_column][\/et_pb_row][\/et_pb_section]<\/p>\n","protected":false},"excerpt":{"rendered":"<p><div class=\"et_pb_module lwp_divi_breadcrumbs lwp_divi_breadcrumbs_0\">\n\t\t\t\t\n\t\t\t\t\n\t\t\t\t\n\t\t\t\t\n\t\t\t\t\n\t\t\t\t\n\t\t\t\t<div class=\"et_pb_module_inner\">\n\t\t\t\t\t<div class=\"lwp-breadcrumbs\"> <span class=\"before\"><\/span> <span vocab=\"https:\/\/schema.org\/\" typeof=\"BreadcrumbList\"><span property=\"itemListElement\" typeof=\"ListItem\"><a property=\"item\" typeof=\"WebPage\" href=\"https:\/\/www.laidaldaz.com\/eu\/\" class=\"home\"><span property=\"name\">Hasiera<\/span><\/a><meta property=\"position\" content=\"1\"><\/span> <span class=\"separator et-pb-icon\">&#x39;<\/span> <\/span><\/div>\n\t\t\t\t<\/div>\n\t\t\t<\/div>El Camerino Telenavarra Eitb Kultura La 2 NoticiasIflandia Graffiti Gela bat norberarena Radio 3 El s\u00e9ptimo vicio&#8221;La curiosidad que quiero provocar en el p\u00fablico es la que me mueve a m\u00ed&#8221; Antartika Kultur Container presenta los resultados de sus procesos creativos Seleccionados 9 proyectos para [&hellip;]<\/p>\n","protected":false},"author":1,"featured_media":0,"parent":0,"menu_order":0,"comment_status":"closed","ping_status":"closed","template":"","meta":{"_et_pb_use_builder":"on","_et_pb_old_content":"","_et_gb_content_width":"","om_disable_all_campaigns":false,"_monsterinsights_skip_tracking":false,"_monsterinsights_sitenote_active":false,"_monsterinsights_sitenote_note":"","_monsterinsights_sitenote_category":0,"_links_to":"","_links_to_target":""},"aioseo_notices":[],"_links":{"self":[{"href":"https:\/\/www.laidaldaz.com\/eu\/wp-json\/wp\/v2\/pages\/2496"}],"collection":[{"href":"https:\/\/www.laidaldaz.com\/eu\/wp-json\/wp\/v2\/pages"}],"about":[{"href":"https:\/\/www.laidaldaz.com\/eu\/wp-json\/wp\/v2\/types\/page"}],"author":[{"embeddable":true,"href":"https:\/\/www.laidaldaz.com\/eu\/wp-json\/wp\/v2\/users\/1"}],"replies":[{"embeddable":true,"href":"https:\/\/www.laidaldaz.com\/eu\/wp-json\/wp\/v2\/comments?post=2496"}],"version-history":[{"count":4,"href":"https:\/\/www.laidaldaz.com\/eu\/wp-json\/wp\/v2\/pages\/2496\/revisions"}],"predecessor-version":[{"id":3081,"href":"https:\/\/www.laidaldaz.com\/eu\/wp-json\/wp\/v2\/pages\/2496\/revisions\/3081"}],"wp:attachment":[{"href":"https:\/\/www.laidaldaz.com\/eu\/wp-json\/wp\/v2\/media?parent=2496"}],"curies":[{"name":"wp","href":"https:\/\/api.w.org\/{rel}","templated":true}]}}